{"id":163,"date":"2025-05-19T14:58:41","date_gmt":"2025-05-19T14:58:41","guid":{"rendered":"https:\/\/viajesmerdire.com\/?page_id=163"},"modified":"2025-05-22T06:26:29","modified_gmt":"2025-05-22T06:26:29","slug":"circuitos-espana-y-europa-para-seniors","status":"publish","type":"page","link":"https:\/\/viajesmerdire.com\/index.php\/circuitos-espana-y-europa-para-seniors\/","title":{"rendered":"Circuitos Espa\u00f1a y Europa Seniors"},"content":{"rendered":"<div data-colibri-id=\"163-c1\" class=\"style-850 style-local-163-c1 position-relative\">\r\n  <!---->\r\n  <div data-colibri-component=\"section\" data-colibri-id=\"163-c2\" id=\"about\" class=\"h-section h-section-global-spacing d-flex align-items-lg-center align-items-md-center align-items-center style-851 style-local-163-c2 position-relative\">\r\n    <!---->\r\n    <!---->\r\n    <div class=\"h-section-grid-container h-section-boxed-container\">\r\n      <!---->\r\n      <div data-colibri-id=\"163-c3\" class=\"h-row-container gutters-row-lg-0 gutters-row-md-0 gutters-row-0 gutters-row-v-lg-0 gutters-row-v-md-0 gutters-row-v-0 style-852 style-local-163-c3 position-relative\">\r\n        <!---->\r\n        <div class=\"h-row justify-content-lg-center justify-content-md-center justify-content-center align-items-lg-stretch align-items-md-stretch align-items-stretch gutters-col-lg-0 gutters-col-md-0 gutters-col-0 gutters-col-v-lg-0 gutters-col-v-md-0 gutters-col-v-0\">\r\n          <!---->\r\n          <div class=\"h-column h-column-container d-flex h-col-lg-auto h-col-md-auto h-col-auto style-853-outer style-local-163-c4-outer\">\r\n            <div data-colibri-id=\"163-c4\" class=\"d-flex h-flex-basis h-column__inner h-ui-empty-state-container h-px-lg-0 h-px-md-0 h-px-0 v-inner-lg-0 v-inner-md-0 v-inner-0 style-853 style-local-163-c4 position-relative\">\r\n              <!---->\r\n              <!---->\r\n              <div class=\"w-100 h-y-container h-column__content h-column__v-align flex-basis-100\">\r\n                <!---->\r\n              <\/div>\r\n            <\/div>\r\n          <\/div>\r\n          <div class=\"h-column h-column-container d-flex h-col-lg-auto h-col-md-auto h-col-auto style-854-outer style-local-163-c5-outer\">\r\n            <div data-colibri-id=\"163-c5\" class=\"d-flex h-flex-basis h-column__inner h-px-lg-2 h-px-md-2 h-px-2 v-inner-lg-2 v-inner-md-2 v-inner-2 style-854 style-local-163-c5 position-relative\">\r\n              <!---->\r\n              <!---->\r\n              <div class=\"w-100 h-y-container h-column__content h-column__v-align flex-basis-100 align-self-lg-start align-self-md-start align-self-start\">\r\n                <!---->\r\n                <div data-colibri-id=\"163-c7\" class=\"h-global-transition-all h-heading style-856 style-local-163-c7 position-relative h-element\">\r\n                  <!---->\r\n                  <div class=\"h-heading__outer style-856 style-local-163-c7\">\r\n                    <!---->\r\n                    <!---->\r\n                    <h3 class=\"\">Circuitos por Espa\u00f1a y Europa para Seniors Descubre Nuevos Horizontes<\/h3>\r\n                  <\/div>\r\n                <\/div>\r\n                <div data-colibri-id=\"163-c8\" class=\"h-text h-text-component style-857 style-local-163-c8 position-relative h-element\">\r\n                  <!---->\r\n                  <!---->\r\n                  <div class=\"\">\r\n                    <p><span style=\"font-weight: 400; font-size: 16px; font-family: Andika; color: rgb(52, 52, 57);\">Viajar es una de las experiencias m\u00e1s enriquecedoras que la vida puede ofrecer, y para los seniors, es una oportunidad \u00fanica para descubrir nuevos horizontes, conectar con diferentes culturas y disfrutar de la belleza que nos rodea. Espa\u00f1a y Europa, con su rica historia, paisajes impresionantes y tradiciones vibrantes, se presentan como destinos ideales para estas exploraciones. En este art\u00edculo, te invitamos a sumergirte en el mundo de los circuitos dise\u00f1ados especialmente para viajeros mayores, donde cada detalle est\u00e1 pensado para brindar comodidad y satisfacci\u00f3n.<\/span><\/p>\r\n                  <\/div>\r\n                <\/div>\r\n              <\/div>\r\n            <\/div>\r\n          <\/div>\r\n        <\/div>\r\n      <\/div>\r\n      <div data-colibri-id=\"163-c20\" class=\"h-row-container gutters-row-lg-2 gutters-row-md-2 gutters-row-0 gutters-row-v-lg-2 gutters-row-v-md-2 gutters-row-v-2 style-869 style-local-163-c20 position-relative\">\r\n        <!---->\r\n        <div class=\"h-row justify-content-lg-center justify-content-md-center justify-content-center align-items-lg-stretch align-items-md-stretch align-items-stretch gutters-col-lg-2 gutters-col-md-2 gutters-col-0 gutters-col-v-lg-2 gutters-col-v-md-2 gutters-col-v-2\">\r\n          <!---->\r\n          <div class=\"h-column h-column-container d-flex h-col-lg-auto h-col-md-auto h-col-auto style-870-outer style-local-163-c21-outer\">\r\n            <div data-colibri-id=\"163-c21\" class=\"d-flex h-flex-basis h-column__inner h-px-lg-2 h-px-md-2 h-px-2 v-inner-lg-2 v-inner-md-2 v-inner-2 style-870 style-local-163-c21 position-relative\">\r\n              <!---->\r\n              <!---->\r\n              <div class=\"w-100 h-y-container h-column__content h-column__v-align flex-basis-100 align-self-lg-start align-self-md-start align-self-start\">\r\n                <!---->\r\n                <div data-colibri-id=\"163-c22\" class=\"h-text h-text-component style-868 style-local-163-c22 position-relative h-element\">\r\n                  <!---->\r\n                  <!---->\r\n                  <div class=\"\">\r\n                    <p><span style=\"font-weight: 400; font-size: 16px; font-family: Andika; color: rgb(52, 52, 57);\">Espa\u00f1a: Un Viaje a Trav\u00e9s de la Diversidad<\/span><span style=\"font-family: Andika;\"><br><br><\/span><span style=\"font-weight: 400; font-size: 16px; font-family: Andika; color: rgb(52, 52, 57);\">Comenzando por nuestra propia Espa\u00f1a, el pa\u00eds ofrece una diversidad impresionante desde sus costumbres hasta su gastronom\u00eda. Un circuito atractivo podr\u00eda incluir ciudades emblem\u00e1ticas como Barcelona, Madrid, y Sevilla. En Barcelona, los seniors pueden disfrutar de la majestuosidad de la Sagrada Familia y el Parque G\u00fcell, mientras que en Madrid, el Museo del Prado les espera con obras maestras de la pintura europea. Sevilla, con su famoso barrio de Santa Cruz y la impresionante Giralda, a\u00f1ade un toque andaluz a la experiencia.<\/span>\r\n                      <span\r\n                        style=\"font-family: Andika;\">\r\n                        <br>\r\n                        <br>\r\n                        <\/span><span style=\"font-weight: 400; font-size: 16px; font-family: Andika; color: rgb(52, 52, 57);\">Los circuitos por Espa\u00f1a no s\u00f3lo se limitan a las grandes urbes; tambi\u00e9n incluyen escapadas a regiones menos conocidas como la Costa Brava, con sus pintorescos pueblos pesqueros y playas tranquilas, o Galicia, famosa por su gastronom\u00eda y paisajes naturales. Estos itinerarios son ideales para aquellos que buscan un ritmo relajado, con excursiones adaptadas a sus necesidades y tiempos.<\/span><\/p>\r\n                  <\/div>\r\n                <\/div>\r\n              <\/div>\r\n            <\/div>\r\n          <\/div>\r\n        <\/div>\r\n      <\/div>\r\n    <\/div>\r\n  <\/div>\r\n  <div data-colibri-component=\"section\" data-colibri-id=\"163-c9\" id=\"about-2\" class=\"h-section h-section-global-spacing d-flex align-items-lg-center align-items-md-center align-items-center style-858 style-local-163-c9 position-relative\">\r\n    <!---->\r\n    <!---->\r\n    <div class=\"h-section-grid-container h-section-boxed-container\">\r\n      <!---->\r\n      <div data-colibri-id=\"163-c10\" class=\"h-row-container gutters-row-lg-0 gutters-row-md-0 gutters-row-0 gutters-row-v-lg-0 gutters-row-v-md-0 gutters-row-v-0 style-859 style-local-163-c10 position-relative\">\r\n        <!---->\r\n        <div class=\"h-row justify-content-lg-center justify-content-md-center justify-content-center align-items-lg-stretch align-items-md-stretch align-items-stretch gutters-col-lg-0 gutters-col-md-0 gutters-col-0 gutters-col-v-lg-0 gutters-col-v-md-0 gutters-col-v-0\">\r\n          <!---->\r\n          <div class=\"h-column h-column-container d-flex h-col-lg-auto h-col-md-auto h-col-auto style-860-outer style-local-163-c11-outer\">\r\n            <div data-colibri-id=\"163-c11\" class=\"d-flex h-flex-basis h-column__inner h-px-lg-0 h-px-md-0 h-px-0 v-inner-lg-0 v-inner-md-0 v-inner-0 style-860 style-local-163-c11 position-relative\">\r\n              <!---->\r\n              <!---->\r\n              <div class=\"w-100 h-y-container h-column__content h-column__v-align flex-basis-100 align-self-lg-start align-self-md-start align-self-start\">\r\n                <!---->\r\n                <div data-colibri-id=\"163-c13\" class=\"h-global-transition-all h-heading style-862 style-local-163-c13 position-relative h-element\">\r\n                  <!---->\r\n                  <div class=\"h-heading__outer style-862 style-local-163-c13\">\r\n                    <!---->\r\n                    <!---->\r\n                    <h3 class=\"\">Circuitos por Europa<\/h3>\r\n                  <\/div>\r\n                <\/div>\r\n                <div data-colibri-id=\"163-c14\" class=\"h-text h-text-component style-863 style-local-163-c14 position-relative h-element\">\r\n                  <!---->\r\n                  <!---->\r\n                  <div class=\"\">\r\n                    <p><span style=\"color: rgb(52, 52, 57); font-family: Andika; font-size: 16px; font-weight: 400;\">Expandir la aventura hacia Europa abre un abanico de posibilidades. Pa\u00edses como Italia, Francia y Grecia est\u00e1n llenos de maravillas por explorar. Considera un circuito que incluya Roma, donde la historia cobra vida en cada rinc\u00f3n, desde el Coliseo hasta el Vaticano. M\u00e1s al norte, Par\u00eds, la ciudad del amor, ofrecer\u00e1 paseos por el Sena y visitas a museos renombrados como el Louvre.<\/span>\r\n                      <span\r\n                        style=\"font-family: Andika;\">\r\n                        <br>\r\n                        <br>\r\n                        <\/span><span style=\"color: rgb(52, 52, 57); font-family: Andika; font-size: 16px; font-weight: 400;\">Un viaje por Europa para seniors puede ser tambi\u00e9n una excelente forma de conocer la cultura local a trav\u00e9s de experiencias culinarias, talleres de arte, y visitas a mercados tradicionales. Los grupos suelen estar guiados por expertos locales que se encargan de hacer de cada visita una experiencia inolvidable, adapt\u00e1ndose a las necesidades y ritmos de los participantes.<\/span><\/p>\r\n                  <\/div>\r\n                <\/div>\r\n              <\/div>\r\n            <\/div>\r\n          <\/div>\r\n          <div class=\"h-column h-column-container d-flex h-col-lg-auto h-col-md-auto h-col-auto style-864-outer style-local-163-c15-outer\">\r\n            <div data-colibri-id=\"163-c15\" class=\"d-flex h-flex-basis h-column__inner h-ui-empty-state-container h-px-lg-2 h-px-md-2 h-px-2 v-inner-lg-2 v-inner-md-2 v-inner-2 style-864 style-local-163-c15 position-relative\">\r\n              <!---->\r\n              <!---->\r\n              <div class=\"w-100 h-y-container h-column__content h-column__v-align flex-basis-100\">\r\n                <!---->\r\n              <\/div>\r\n            <\/div>\r\n          <\/div>\r\n        <\/div>\r\n      <\/div>\r\n      <div data-colibri-id=\"163-c24\" class=\"h-row-container gutters-row-lg-2 gutters-row-md-2 gutters-row-0 gutters-row-v-lg-2 gutters-row-v-md-2 gutters-row-v-2 style-872 style-local-163-c24 position-relative\">\r\n        <!---->\r\n        <div class=\"h-row justify-content-lg-center justify-content-md-center justify-content-center align-items-lg-stretch align-items-md-stretch align-items-stretch gutters-col-lg-2 gutters-col-md-2 gutters-col-0 gutters-col-v-lg-2 gutters-col-v-md-2 gutters-col-v-2\">\r\n          <!---->\r\n          <div class=\"h-column h-column-container d-flex h-col-lg-auto h-col-md-auto h-col-auto style-873-outer style-local-163-c25-outer\">\r\n            <div data-colibri-id=\"163-c25\" class=\"d-flex h-flex-basis h-column__inner h-px-lg-2 h-px-md-2 h-px-2 v-inner-lg-2 v-inner-md-2 v-inner-2 style-873 style-local-163-c25 position-relative\">\r\n              <!---->\r\n              <!---->\r\n              <div class=\"w-100 h-y-container h-column__content h-column__v-align flex-basis-100 align-self-lg-start align-self-md-start align-self-start\">\r\n                <!---->\r\n                <div data-colibri-id=\"163-c26\" class=\"h-text h-text-component style-871 style-local-163-c26 position-relative h-element\">\r\n                  <!---->\r\n                  <!---->\r\n                  <div class=\"\">\r\n                    <p><span style=\"color: rgb(52, 52, 57); font-family: Andika; font-size: 16px; font-weight: 400;\">La comodidad es clave al planear un circuito para seniors. Las agencias de viajes ofrecen servicios personalizados que incluyen transporte accesible, opciones de alojamiento c\u00f3modas y men\u00fas adaptados. Adem\u00e1s, en cada destino, contar con gu\u00edas locales que hablen espa\u00f1ol ayuda a romper barreras ling\u00fc\u00edsticas y permite disfrutar al m\u00e1ximo de cada actividad.<\/span>\r\n                      <span\r\n                        style=\"font-family: Andika;\">\r\n                        <br>\r\n                        <br>\r\n                        <\/span><span style=\"color: rgb(52, 52, 57); font-family: Andika; font-size: 16px; font-weight: 400;\">Otra consideraci\u00f3n importante es la seguridad. Muchos circuitos incluyen seguros de viaje y asistencia m\u00e9dica, lo que proporciona tranquilidad a los viajeros. La planificaci\u00f3n de actividades tambi\u00e9n tiene en cuenta la movilidad, ofreciendo alternativas para aquellos que prefieren un enfoque menos agotador.<\/span>\r\n                        <span\r\n                          style=\"font-family: Andika;\">\r\n                          <br>\r\n                          <br>\r\n                          <\/span><span style=\"color: rgb(52, 52, 57); font-family: Andika; font-size: 16px; font-weight: 400;\">Los circuitos por Espa\u00f1a y Europa para seniors son una opci\u00f3n atractiva y enriquecedora que promete no s\u00f3lo diversi\u00f3n, sino tambi\u00e9n aprendizaje y conexi\u00f3n. Desde recorrer los encantadores rincones de nuestras ciudades hasta maravillarse con las joyas de la arquitectura europea, hay un mundo de posibilidades esperando ser descubierto. La planificaci\u00f3n adecuada de estos circuitos garantiza que cada viajero pueda disfrutar de experiencias memorables en un ambiente seguro y c\u00f3modo. Este es el momento perfecto para salir y vivir aventuras que quedar\u00e1n grabadas en la memoria para siempre. \u00a1El mundo te est\u00e1 esperando!<\/span><\/p>\r\n                  <\/div>\r\n                <\/div>\r\n              <\/div>\r\n            <\/div>\r\n          <\/div>\r\n        <\/div>\r\n      <\/div>\r\n    <\/div>\r\n  <\/div>\r\n<\/div>","protected":false},"excerpt":{"rendered":"<p>Circuitos por Espa\u00f1a y Europa para Seniors Descubre Nuevos Horizontes Viajar es una de las experiencias m\u00e1s enriquecedoras que la vida puede ofrecer, y para los seniors, es una oportunidad \u00fanica para descubrir nuevos horizontes, conectar con diferentes culturas y disfrutar de la belleza que nos rodea. Espa\u00f1a y Europa, con su rica historia, paisajes [&hellip;]<\/p>\n","protected":false},"author":1,"featured_media":0,"parent":0,"menu_order":0,"comment_status":"closed","ping_status":"open","template":"page-templates\/full-width-page.php","meta":{"footnotes":""},"class_list":["post-163","page","type-page","status-publish","hentry"],"_links":{"self":[{"href":"https:\/\/viajesmerdire.com\/index.php\/wp-json\/wp\/v2\/pages\/163","targetHints":{"allow":["GET"]}}],"collection":[{"href":"https:\/\/viajesmerdire.com\/index.php\/wp-json\/wp\/v2\/pages"}],"about":[{"href":"https:\/\/viajesmerdire.com\/index.php\/wp-json\/wp\/v2\/types\/page"}],"author":[{"embeddable":true,"href":"https:\/\/viajesmerdire.com\/index.php\/wp-json\/wp\/v2\/users\/1"}],"replies":[{"embeddable":true,"href":"https:\/\/viajesmerdire.com\/index.php\/wp-json\/wp\/v2\/comments?post=163"}],"version-history":[{"count":6,"href":"https:\/\/viajesmerdire.com\/index.php\/wp-json\/wp\/v2\/pages\/163\/revisions"}],"predecessor-version":[{"id":1463,"href":"https:\/\/viajesmerdire.com\/index.php\/wp-json\/wp\/v2\/pages\/163\/revisions\/1463"}],"wp:attachment":[{"href":"https:\/\/viajesmerdire.com\/index.php\/wp-json\/wp\/v2\/media?parent=163"}],"curies":[{"name":"wp","href":"https:\/\/api.w.org\/{rel}","templated":true}]}}